{"id":268,"date":"2023-10-04T15:35:27","date_gmt":"2023-10-04T15:35:27","guid":{"rendered":"https:\/\/mediplant.rs\/?page_id=268"},"modified":"2024-01-17T14:14:36","modified_gmt":"2024-01-17T14:14:36","slug":"rukavice","status":"publish","type":"page","link":"https:\/\/mediplant.rs\/en\/proizvodi\/rukavice\/","title":{"rendered":"DISPOSABLE GLOVES"},"content":{"rendered":"<p>[et_pb_section fb_built=&#8220;1&#8243; fullwidth=&#8220;on&#8220; _builder_version=&#8220;4.23.4&#8243; _module_preset=&#8220;default&#8220; background_image=&#8220;https:\/\/mediplant.rs\/wp-content\/uploads\/2023\/10\/rukavice-small.jpg&#8220; min_height=&#8220;450px&#8220; min_height_tablet=&#8220;400px&#8220; min_height_phone=&#8220;200px&#8220; min_height_last_edited=&#8220;on|phone&#8220; height=&#8220;200px&#8220; max_height=&#8220;450px&#8220; global_colors_info=&#8220;{}&#8220;][\/et_pb_section][et_pb_section fb_built=&#8220;1&#8243; admin_label=&#8220;Features&#8220; _builder_version=&#8220;4.20.0&#8243; _module_preset=&#8220;default&#8220; collapsed=&#8220;on&#8220; global_colors_info=&#8220;{}&#8220;][et_pb_row _builder_version=&#8220;4.22.2&#8243; _module_preset=&#8220;default&#8220; global_colors_info=&#8220;{}&#8220;][et_pb_column type=&#8220;4_4&#8243; _builder_version=&#8220;4.22.2&#8243; _module_preset=&#8220;default&#8220; global_colors_info=&#8220;{}&#8220;][et_pb_heading title=&#8220;RUKAVICE&#8220; _builder_version=&#8220;4.23.4&#8243; _module_preset=&#8220;default&#8220; title_font_size=&#8220;65px&#8220; hover_enabled=&#8220;0&#8243; title_font_size_tablet=&#8220;60px&#8220; title_font_size_phone=&#8220;33px&#8220; global_colors_info=&#8220;{}&#8220; sticky_enabled=&#8220;0&#8243;][\/et_pb_heading][\/et_pb_column][\/et_pb_row][et_pb_row column_structure=&#8220;1_2,1_2&#8243; _builder_version=&#8220;4.22.2&#8243; _module_preset=&#8220;default&#8220; global_colors_info=&#8220;{}&#8220;][et_pb_column type=&#8220;1_2&#8243; _builder_version=&#8220;4.20.0&#8243; _module_preset=&#8220;default&#8220; global_colors_info=&#8220;{}&#8220;][et_pb_image src=&#8220;https:\/\/mediplant.rs\/wp-content\/uploads\/2024\/01\/Nitrilne_pregledne_rukavice.jpg&#8220; title_text=&#8220;Nitrilne_pregledne_rukavice&#8220; _builder_version=&#8220;4.23.4&#8243; _module_preset=&#8220;default&#8220; background_color=&#8220;rgba(0,0,0,0.04)&#8220; custom_margin=&#8220;||||false|false&#8220; box_shadow_style=&#8220;preset4&#8243; box_shadow_horizontal=&#8220;0px&#8220; box_shadow_vertical=&#8220;0px&#8220; box_shadow_color=&#8220;rgba(0,0,0,0.05)&#8220; locked=&#8220;off&#8220; global_colors_info=&#8220;{}&#8220; custom_padding__hover_enabled=&#8220;off|hover&#8220; custom_padding__hover=&#8220;50px|50px|50px|50px|true|true&#8220; box_shadow_vertical__hover_enabled=&#8220;off|hover&#8220; box_shadow_blur__hover_enabled=&#8220;off|hover&#8220; box_shadow_blur__hover=&#8220;0px&#8220; box_shadow_color__hover_enabled=&#8220;off|hover&#8220; box_shadow_color__hover=&#8220;rgba(0,0,0,0.3)&#8220; custom_margin__hover_enabled=&#8220;off|hover&#8220; custom_margin__hover=&#8220;||62px||false|false&#8220; transform_styles__hover_enabled=&#8220;on|hover&#8220; transform_scale__hover_enabled=&#8220;on|hover&#8220; transform_translate__hover_enabled=&#8220;on|desktop&#8220; transform_rotate__hover_enabled=&#8220;on|desktop&#8220; transform_skew__hover_enabled=&#8220;on|desktop&#8220; transform_origin__hover_enabled=&#8220;on|desktop&#8220; transform_scale__hover=&#8220;90%|90%&#8220; box_shadow_spread__hover_enabled=&#8220;on|hover&#8220; box_shadow_spread__hover=&#8220;30px&#8220;][\/et_pb_image][\/et_pb_column][et_pb_column type=&#8220;1_2&#8243; _builder_version=&#8220;4.22.2&#8243; _module_preset=&#8220;default&#8220; global_colors_info=&#8220;{}&#8220;][et_pb_text _builder_version=&#8220;4.23.4&#8243; _module_preset=&#8220;4317a9c6-790d-49f9-a71a-6306cb76e380&#8243; header_2_font=&#8220;Cormorant Garamond|||on|||||&#8220; header_6_font=&#8220;Aboreto||||||||&#8220; header_6_font_size=&#8220;32px&#8220; hover_enabled=&#8220;0&#8243; global_colors_info=&#8220;{}&#8220; text_font_size=&#8220;10px&#8220; sticky_enabled=&#8220;0&#8243;]<\/p>\n<h6>Nitrilne Pregledne Rukavice<\/h6>\n<p>[\/et_pb_text][et_pb_text _builder_version=&#8220;4.22.2&#8243; _module_preset=&#8220;73e0d2c1-2c5c-45d5-b230-5a91dbc55bbb&#8220; text_font_size=&#8220;16px&#8220; locked=&#8220;off&#8220; global_colors_info=&#8220;{}&#8220;]<\/p>\n<ul>\n<li>\n<div><span lang=\"EN-US\">Nitrilni pregledni rukavice se koriste kao biolo\u0161ka i hemijska barijera koja \u0161titi ruke korisnika od kontaminacije i opasnih supstanci. Idealne su za medicinske, zdravstvene i stomatolo\u0161ke procedure.<\/span><\/div>\n<\/li>\n<\/ul>\n<p>[\/et_pb_text][et_pb_text _builder_version=&#8220;4.22.2&#8243; _module_preset=&#8220;73e0d2c1-2c5c-45d5-b230-5a91dbc55bbb&#8220; text_font_size=&#8220;16px&#8220; locked=&#8220;off&#8220; global_colors_info=&#8220;{}&#8220;]<\/p>\n<ul>\n<li>\n<div>\n<div>\n<p><span lang=\"EN-US\">Bez lateksa, praha i mirisa. Potpuno su oslobo\u0111ene lateks proteina, \u010dime se elimini\u0161e rizik od reakcija preosetljivosti tipa I.<o:p><\/o:p><\/span><\/p>\n<\/div>\n<\/div>\n<\/li>\n<\/ul>\n<p>[\/et_pb_text][et_pb_text _builder_version=&#8220;4.22.2&#8243; _module_preset=&#8220;73e0d2c1-2c5c-45d5-b230-5a91dbc55bbb&#8220; text_font_size=&#8220;16px&#8220; locked=&#8220;off&#8220; global_colors_info=&#8220;{}&#8220;]<\/p>\n<ul>\n<li>\n<div>\n<div>\n<p><span lang=\"EN-US\">Unapre\u0111en dizajn pru\u017ea ve\u0107u udobnost i savr\u0161eno pristajanje na ruku korisnika. Tekstura prstiju obezbe\u0111uje pouzdan, konzistentan i siguran hvat, \u010dak i u vla\u017enim uslovima.<o:p><\/o:p><\/span><\/p>\n<\/div>\n<\/div>\n<\/li>\n<\/ul>\n<p>[\/et_pb_text][\/et_pb_column][\/et_pb_row][\/et_pb_section][et_pb_section fb_built=&#8220;1&#8243; admin_label=&#8220;Call to Action&#8220; _builder_version=&#8220;4.22.2&#8243; _module_preset=&#8220;default&#8220; use_background_color_gradient=&#8220;on&#8220; background_color_gradient_stops=&#8220;rgba(255,255,255,0.5) 0%|rgba(255,255,255,0.5) 100%&#8220; background_color_gradient_overlays_image=&#8220;on&#8220; background_enable_image=&#8220;off&#8220; custom_margin=&#8220;0vw|8vw|4vw|8vw|false|true&#8220; custom_padding=&#8220;2vw||2vw||true|false&#8220; border_width_top=&#8220;1px&#8220; border_width_bottom=&#8220;1px&#8220; collapsed=&#8220;on&#8220; global_colors_info=&#8220;{}&#8220;][et_pb_row _builder_version=&#8220;4.22.2&#8243; _module_preset=&#8220;default&#8220; max_width=&#8220;800px&#8220; global_colors_info=&#8220;{}&#8220;][et_pb_column type=&#8220;4_4&#8243; _builder_version=&#8220;4.20.0&#8243; _module_preset=&#8220;default&#8220; global_colors_info=&#8220;{}&#8220;][et_pb_text _builder_version=&#8220;4.22.2&#8243; _module_preset=&#8220;4317a9c6-790d-49f9-a71a-6306cb76e380&#8243; text_orientation=&#8220;center&#8220; global_colors_info=&#8220;{}&#8220;]<\/p>\n<h2>PDF BRO\u0160URA<\/h2>\n<p>[\/et_pb_text][et_pb_button button_url=&#8220;https:\/\/mediplant.rs\/wp-content\/uploads\/2024\/01\/Mediplant-katalog-proizvoda.pdf&#8220; url_new_window=&#8220;on&#8220; button_text=&#8220;Preuzmi&#8220; button_alignment=&#8220;center&#8220; _builder_version=&#8220;4.23.4&#8243; _module_preset=&#8220;f7356be5-3773-4f40-bf54-6be70a4c303a&#8220; button_bg_color=&#8220;rgba(237,237,237,0)&#8220; button_border_width=&#8220;1px&#8220; button_font=&#8220;Aboreto|700||on|||||&#8220; global_colors_info=&#8220;{}&#8220;][\/et_pb_button][\/et_pb_column][\/et_pb_row][\/et_pb_section]<\/p>\n","protected":false},"excerpt":{"rendered":"<p>Nitrilne Pregledne Rukavice Nitrilni pregledni rukavice se koriste kao biolo\u0161ka i hemijska barijera koja \u0161titi ruke korisnika od kontaminacije i opasnih supstanci. Idealne su za medicinske, zdravstvene i stomatolo\u0161ke procedure. Bez lateksa, praha i mirisa. Potpuno su oslobo\u0111ene lateks proteina, \u010dime se elimini\u0161e rizik od reakcija preosetljivosti tipa I. Unapre\u0111en dizajn pru\u017ea ve\u0107u udobnost i [&hellip;]<\/p>\n","protected":false},"author":1,"featured_media":0,"parent":255,"menu_order":0,"comment_status":"closed","ping_status":"closed","template":"","meta":{"_et_pb_use_builder":"on","_et_pb_old_content":"","_et_gb_content_width":"","footnotes":""},"class_list":["post-268","page","type-page","status-publish","hentry"],"_links":{"self":[{"href":"https:\/\/mediplant.rs\/en\/wp-json\/wp\/v2\/pages\/268","targetHints":{"allow":["GET"]}}],"collection":[{"href":"https:\/\/mediplant.rs\/en\/wp-json\/wp\/v2\/pages"}],"about":[{"href":"https:\/\/mediplant.rs\/en\/wp-json\/wp\/v2\/types\/page"}],"author":[{"embeddable":true,"href":"https:\/\/mediplant.rs\/en\/wp-json\/wp\/v2\/users\/1"}],"replies":[{"embeddable":true,"href":"https:\/\/mediplant.rs\/en\/wp-json\/wp\/v2\/comments?post=268"}],"version-history":[{"count":39,"href":"https:\/\/mediplant.rs\/en\/wp-json\/wp\/v2\/pages\/268\/revisions"}],"predecessor-version":[{"id":761,"href":"https:\/\/mediplant.rs\/en\/wp-json\/wp\/v2\/pages\/268\/revisions\/761"}],"up":[{"embeddable":true,"href":"https:\/\/mediplant.rs\/en\/wp-json\/wp\/v2\/pages\/255"}],"wp:attachment":[{"href":"https:\/\/mediplant.rs\/en\/wp-json\/wp\/v2\/media?parent=268"}],"curies":[{"name":"wp","href":"https:\/\/api.w.org\/{rel}","templated":true}]}}