{"id":601,"date":"2024-01-16T16:33:24","date_gmt":"2024-01-16T16:33:24","guid":{"rendered":"https:\/\/mediplant.rs\/?page_id=601"},"modified":"2024-01-17T14:20:10","modified_gmt":"2024-01-17T14:20:10","slug":"ekg-elektrode","status":"publish","type":"page","link":"https:\/\/mediplant.rs\/en\/proizvodi\/ekg-elektrode\/","title":{"rendered":"ECG ELECTRODES"},"content":{"rendered":"<p>[et_pb_section fb_built=&#8220;1&#8243; fullwidth=&#8220;on&#8220; _builder_version=&#8220;4.23.4&#8243; _module_preset=&#8220;default&#8220; background_image=&#8220;https:\/\/mediplant.rs\/wp-content\/uploads\/2024\/01\/Slajder-mini-EKG-Elektrode.jpg&#8220; min_height=&#8220;450px&#8220; min_height_tablet=&#8220;400px&#8220; min_height_phone=&#8220;200px&#8220; min_height_last_edited=&#8220;on|phone&#8220; height=&#8220;200px&#8220; max_height=&#8220;450px&#8220; global_colors_info=&#8220;{}&#8220;][\/et_pb_section][et_pb_section fb_built=&#8220;1&#8243; admin_label=&#8220;Features&#8220; _builder_version=&#8220;4.20.0&#8243; _module_preset=&#8220;default&#8220; collapsed=&#8220;on&#8220; global_colors_info=&#8220;{}&#8220;][et_pb_row _builder_version=&#8220;4.22.2&#8243; _module_preset=&#8220;default&#8220; global_colors_info=&#8220;{}&#8220;][et_pb_column type=&#8220;4_4&#8243; _builder_version=&#8220;4.22.2&#8243; _module_preset=&#8220;default&#8220; global_colors_info=&#8220;{}&#8220;][et_pb_heading title=&#8220;EKG ELEKTRODE&#8220; _builder_version=&#8220;4.23.4&#8243; _module_preset=&#8220;default&#8220; title_font_size=&#8220;65px&#8220; title_font_size_tablet=&#8220;60px&#8220; title_font_size_phone=&#8220;33px&#8220; global_colors_info=&#8220;{}&#8220;][\/et_pb_heading][\/et_pb_column][\/et_pb_row][et_pb_row _builder_version=&#8220;4.23.4&#8243; _module_preset=&#8220;default&#8220; global_colors_info=&#8220;{}&#8220;][et_pb_column type=&#8220;4_4&#8243; _builder_version=&#8220;4.23.4&#8243; _module_preset=&#8220;default&#8220; global_colors_info=&#8220;{}&#8220;][et_pb_text content_tablet=&#8220;<\/p>\n<div style=%22text-align: center;%22>\n<p style=%22font-weight: 400;%22>Ovo je opis visokoperformantnih elektroda koje su idealane za \u0161iroku upotrebu u bolnicama. Dostupane su u verzijama od pene i tkanine, a imaju radiolucentnu karakteristiku. Tanak supstrat ima agresivni lepak koji je otporan na te\u010dnosti, fleksibilan i lako se prilago\u0111ava ko\u017ei pacijenta.<\/p>\n<p style=%22font-weight: 400;%22>Ove elektrode su idealane za dugotrajno pra\u0107enje, jer mogu ostati na mestu do tri dana. \u010cvrsti gel elektrode se brzo prilago\u0111ava ko\u017ei, omogu\u0107avaju\u0107i visokokvalitetne, neprekidne tragove. Ne sadr\u017ei lateks i dolazi u razli\u010ditim oblicima i veli\u010dinama, \u0161to ih \u010dini pogodnim za pra\u0107enje odraslih, dece i pedijatrijskih pacijenata. Supstrat od pene odbija te\u010dnosti i prilago\u0111ava se konturama tela. Patentirani provodljivi hidrogel je dizajniran da ostane sve\u017e do 30 dana nakon otvaranja pakovanja, \u0161to ga \u010dini ekonomi\u010dnim izborom za op\u0161te namene pra\u0107enja.<\/p>\n<\/div>\n<div><\/div>\n<p>&#8220; content_phone=&#8220;<\/p>\n<div style=%22text-align: center;%22>\n<p style=%22font-weight: 400; text-align: left;%22>Ovo je opis visokoperformantnih elektroda koje su idealane za \u0161iroku upotrebu u bolnicama. Dostupane su u verzijama od pene i tkanine, a imaju radiolucentnu karakteristiku. Tanak supstrat ima agresivni lepak koji je otporan na te\u010dnosti, fleksibilan i lako se prilago\u0111ava ko\u017ei pacijenta.<\/p>\n<p style=%22font-weight: 400; text-align: left;%22>Ove elektrode su idealane za dugotrajno pra\u0107enje, jer mogu ostati na mestu do tri dana. \u010cvrsti gel elektrode se brzo prilago\u0111ava ko\u017ei, omogu\u0107avaju\u0107i visokokvalitetne, neprekidne tragove. Ne sadr\u017ei lateks i dolazi u razli\u010ditim oblicima i veli\u010dinama, \u0161to ih \u010dini pogodnim za pra\u0107enje odraslih, dece i pedijatrijskih pacijenata. Supstrat od pene odbija te\u010dnosti i prilago\u0111ava se konturama tela. Patentirani provodljivi hidrogel je dizajniran da ostane sve\u017e do 30 dana nakon otvaranja pakovanja, \u0161to ga \u010dini ekonomi\u010dnim izborom za op\u0161te namene pra\u0107enja.<\/p>\n<\/div>\n<div style=%22text-align: left;%22><\/div>\n<p>&#8220; content_last_edited=&#8220;on|phone&#8220; _builder_version=&#8220;4.23.4&#8243; _module_preset=&#8220;default&#8220; global_colors_info=&#8220;{}&#8220;]<\/p>\n<div style=\"text-align: center;\">\n<p style=\"font-weight: 400;\">Ovo je opis visokoperformantnih elektroda koje su idealane za \u0161iroku upotrebu u bolnicama. Dostupane su u verzijama od pene i tkanine, a imaju radiolucentnu karakteristiku. Tanak supstrat ima agresivni lepak koji je otporan na te\u010dnosti, fleksibilan i lako se prilago\u0111ava ko\u017ei pacijenta.<\/p>\n<p style=\"font-weight: 400;\">Ove elektrode su idealane za dugotrajno pra\u0107enje, jer mogu ostati na mestu do tri dana. \u010cvrsti gel elektrode se brzo prilago\u0111ava ko\u017ei, omogu\u0107avaju\u0107i visokokvalitetne, neprekidne tragove. Ne sadr\u017ei lateks i dolazi u razli\u010ditim oblicima i veli\u010dinama, \u0161to ih \u010dini pogodnim za pra\u0107enje odraslih, dece i pedijatrijskih pacijenata. Supstrat od pene odbija te\u010dnosti i prilago\u0111ava se konturama tela. Patentirani provodljivi hidrogel je dizajniran da ostane sve\u017e do 30 dana nakon otvaranja pakovanja, \u0161to ga \u010dini ekonomi\u010dnim izborom za op\u0161te namene pra\u0107enja.<\/p>\n<\/div>\n<div><\/div>\n<p>[\/et_pb_text][\/et_pb_column][\/et_pb_row][et_pb_row _builder_version=&#8220;4.23.4&#8243; _module_preset=&#8220;default&#8220; transform_scale_tablet=&#8220;&#8220; transform_scale_phone=&#8220;&#8220; transform_scale_last_edited=&#8220;on|desktop&#8220; transform_translate_tablet=&#8220;&#8220; transform_translate_phone=&#8220;-71px|0px&#8220; transform_translate_last_edited=&#8220;on|phone&#8220; transform_translate_linked=&#8220;off&#8220; transform_rotate_tablet=&#8220;&#8220; transform_rotate_phone=&#8220;&#8220; transform_rotate_last_edited=&#8220;on|desktop&#8220; transform_skew_tablet=&#8220;&#8220; transform_skew_phone=&#8220;&#8220; transform_skew_last_edited=&#8220;on|desktop&#8220; transform_origin_tablet=&#8220;&#8220; transform_origin_phone=&#8220;&#8220; transform_origin_last_edited=&#8220;on|desktop&#8220; transform_styles_last_edited=&#8220;on|phone&#8220; transform_styles_tablet=&#8220;&#8220; transform_styles_phone=&#8220;&#8220; global_colors_info=&#8220;{}&#8220;][et_pb_column type=&#8220;4_4&#8243; _builder_version=&#8220;4.23.4&#8243; _module_preset=&#8220;default&#8220; transform_scale=&#8220;102%|102%&#8220; transform_translate=&#8220;68px|3px&#8220; transform_translate_linked=&#8220;off&#8220; global_colors_info=&#8220;{}&#8220;][et_pb_image src=&#8220;https:\/\/mediplant.rs\/wp-content\/uploads\/2024\/01\/EKG-elektrode.png&#8220; title_text=&#8220;EKG-elektrode&#8220; _builder_version=&#8220;4.23.4&#8243; _module_preset=&#8220;default&#8220; global_colors_info=&#8220;{}&#8220;][\/et_pb_image][\/et_pb_column][\/et_pb_row][\/et_pb_section][et_pb_section fb_built=&#8220;1&#8243; admin_label=&#8220;Call to Action&#8220; _builder_version=&#8220;4.22.2&#8243; _module_preset=&#8220;default&#8220; use_background_color_gradient=&#8220;on&#8220; background_color_gradient_stops=&#8220;rgba(255,255,255,0.5) 0%|rgba(255,255,255,0.5) 100%&#8220; background_color_gradient_overlays_image=&#8220;on&#8220; background_enable_image=&#8220;off&#8220; custom_margin=&#8220;0vw|8vw|4vw|8vw|false|true&#8220; custom_padding=&#8220;2vw||2vw||true|false&#8220; border_width_top=&#8220;1px&#8220; border_width_bottom=&#8220;1px&#8220; collapsed=&#8220;on&#8220; global_colors_info=&#8220;{}&#8220;][et_pb_row _builder_version=&#8220;4.22.2&#8243; _module_preset=&#8220;default&#8220; max_width=&#8220;800px&#8220; global_colors_info=&#8220;{}&#8220;][et_pb_column type=&#8220;4_4&#8243; _builder_version=&#8220;4.20.0&#8243; _module_preset=&#8220;default&#8220; global_colors_info=&#8220;{}&#8220;][et_pb_text _builder_version=&#8220;4.23.4&#8243; _module_preset=&#8220;4317a9c6-790d-49f9-a71a-6306cb76e380&#8243; text_orientation=&#8220;center&#8220; global_colors_info=&#8220;{}&#8220;]<\/p>\n<h2>PDF KATALOG<\/h2>\n<p>[\/et_pb_text][et_pb_button button_url=&#8220;https:\/\/mediplant.rs\/wp-content\/uploads\/2024\/01\/Mediplant-katalog-proizvoda.pdf&#8220; url_new_window=&#8220;on&#8220; button_text=&#8220;Preuzmi&#8220; button_alignment=&#8220;center&#8220; _builder_version=&#8220;4.23.4&#8243; _module_preset=&#8220;f7356be5-3773-4f40-bf54-6be70a4c303a&#8220; button_bg_color=&#8220;rgba(237,237,237,0)&#8220; button_border_width=&#8220;1px&#8220; button_font=&#8220;Aboreto|700||on|||||&#8220; global_colors_info=&#8220;{}&#8220;][\/et_pb_button][\/et_pb_column][\/et_pb_row][\/et_pb_section]<\/p>\n","protected":false},"excerpt":{"rendered":"<p>Ovo je opis visokoperformantnih elektroda koje su idealane za \u0161iroku upotrebu u bolnicama. Dostupane su u verzijama od pene i tkanine, a imaju radiolucentnu karakteristiku. Tanak supstrat ima agresivni lepak koji je otporan na te\u010dnosti, fleksibilan i lako se prilago\u0111ava ko\u017ei pacijenta. Ove elektrode su idealane za dugotrajno pra\u0107enje, jer mogu ostati na mestu do [&hellip;]<\/p>\n","protected":false},"author":1,"featured_media":0,"parent":255,"menu_order":0,"comment_status":"closed","ping_status":"closed","template":"","meta":{"_et_pb_use_builder":"on","_et_pb_old_content":"","_et_gb_content_width":"","footnotes":""},"class_list":["post-601","page","type-page","status-publish","hentry"],"_links":{"self":[{"href":"https:\/\/mediplant.rs\/en\/wp-json\/wp\/v2\/pages\/601","targetHints":{"allow":["GET"]}}],"collection":[{"href":"https:\/\/mediplant.rs\/en\/wp-json\/wp\/v2\/pages"}],"about":[{"href":"https:\/\/mediplant.rs\/en\/wp-json\/wp\/v2\/types\/page"}],"author":[{"embeddable":true,"href":"https:\/\/mediplant.rs\/en\/wp-json\/wp\/v2\/users\/1"}],"replies":[{"embeddable":true,"href":"https:\/\/mediplant.rs\/en\/wp-json\/wp\/v2\/comments?post=601"}],"version-history":[{"count":18,"href":"https:\/\/mediplant.rs\/en\/wp-json\/wp\/v2\/pages\/601\/revisions"}],"predecessor-version":[{"id":768,"href":"https:\/\/mediplant.rs\/en\/wp-json\/wp\/v2\/pages\/601\/revisions\/768"}],"up":[{"embeddable":true,"href":"https:\/\/mediplant.rs\/en\/wp-json\/wp\/v2\/pages\/255"}],"wp:attachment":[{"href":"https:\/\/mediplant.rs\/en\/wp-json\/wp\/v2\/media?parent=601"}],"curies":[{"name":"wp","href":"https:\/\/api.w.org\/{rel}","templated":true}]}}