{"id":602,"date":"2024-01-16T17:03:38","date_gmt":"2024-01-16T17:03:38","guid":{"rendered":"https:\/\/mediplant.rs\/?page_id=602"},"modified":"2024-01-17T14:13:53","modified_gmt":"2024-01-17T14:13:53","slug":"maske","status":"publish","type":"page","link":"https:\/\/mediplant.rs\/en\/proizvodi\/maske\/","title":{"rendered":"MEDICAL FACE MASK"},"content":{"rendered":"<p>[et_pb_section fb_built=&#8220;1&#8243; fullwidth=&#8220;on&#8220; _builder_version=&#8220;4.23.4&#8243; _module_preset=&#8220;default&#8220; background_image=&#8220;https:\/\/mediplant.rs\/wp-content\/uploads\/2023\/10\/small-Depositphotos_91435560_XL.jpg&#8220; min_height=&#8220;450px&#8220; min_height_tablet=&#8220;400px&#8220; min_height_phone=&#8220;200px&#8220; min_height_last_edited=&#8220;on|phone&#8220; height=&#8220;200px&#8220; max_height=&#8220;450px&#8220; global_colors_info=&#8220;{}&#8220;][\/et_pb_section][et_pb_section fb_built=&#8220;1&#8243; admin_label=&#8220;Features&#8220; _builder_version=&#8220;4.20.0&#8243; _module_preset=&#8220;default&#8220; collapsed=&#8220;on&#8220; global_colors_info=&#8220;{}&#8220;][et_pb_row _builder_version=&#8220;4.22.2&#8243; _module_preset=&#8220;default&#8220; global_colors_info=&#8220;{}&#8220;][et_pb_column type=&#8220;4_4&#8243; _builder_version=&#8220;4.22.2&#8243; _module_preset=&#8220;default&#8220; global_colors_info=&#8220;{}&#8220;][et_pb_heading title=&#8220;MASKE&#8220; _builder_version=&#8220;4.23.4&#8243; _module_preset=&#8220;default&#8220; title_font_size=&#8220;65px&#8220; hover_enabled=&#8220;0&#8243; title_font_size_tablet=&#8220;60px&#8220; title_font_size_phone=&#8220;33px&#8220; global_colors_info=&#8220;{}&#8220; sticky_enabled=&#8220;0&#8243;][\/et_pb_heading][et_pb_text _builder_version=&#8220;4.23.4&#8243; _module_preset=&#8220;default&#8220; global_colors_info=&#8220;{}&#8220;]<\/p>\n<p style=\"font-weight: 400; text-align: center;\">Medicinska maska sa velikim pokrivanjem pru\u017ea \u0161iru za\u0161titu i bolje pristaje.\u00a0Dugotrajni i ja\u010di nosni mosti\u0107, zajedno sa jakim u\u0161nim petljama, osigurava sigurno prijanjanje i udobno no\u0161enje.\u00a0Maska ima efikasnost filtracije bakterija ve\u0107u od 95%<\/p>\n<p>[\/et_pb_text][\/et_pb_column][\/et_pb_row][et_pb_row _builder_version=&#8220;4.23.4&#8243; _module_preset=&#8220;default&#8220; global_colors_info=&#8220;{}&#8220;][et_pb_column type=&#8220;4_4&#8243; _builder_version=&#8220;4.23.4&#8243; _module_preset=&#8220;default&#8220; global_colors_info=&#8220;{}&#8220;][et_pb_image src=&#8220;https:\/\/mediplant.rs\/wp-content\/uploads\/2024\/01\/Medicinska-maska-1.jpg&#8220; title_text=&#8220;Medicinska-maska&#8220; _builder_version=&#8220;4.23.4&#8243; _module_preset=&#8220;default&#8220; global_colors_info=&#8220;{}&#8220;][\/et_pb_image][\/et_pb_column][\/et_pb_row][\/et_pb_section][et_pb_section fb_built=&#8220;1&#8243; admin_label=&#8220;Call to Action&#8220; _builder_version=&#8220;4.22.2&#8243; _module_preset=&#8220;default&#8220; use_background_color_gradient=&#8220;on&#8220; background_color_gradient_stops=&#8220;rgba(255,255,255,0.5) 0%|rgba(255,255,255,0.5) 100%&#8220; background_color_gradient_overlays_image=&#8220;on&#8220; background_enable_image=&#8220;off&#8220; custom_margin=&#8220;0vw|8vw|4vw|8vw|false|true&#8220; custom_padding=&#8220;2vw||2vw||true|false&#8220; border_width_top=&#8220;1px&#8220; border_width_bottom=&#8220;1px&#8220; collapsed=&#8220;on&#8220; global_colors_info=&#8220;{}&#8220;][et_pb_row _builder_version=&#8220;4.22.2&#8243; _module_preset=&#8220;default&#8220; max_width=&#8220;800px&#8220; global_colors_info=&#8220;{}&#8220;][et_pb_column type=&#8220;4_4&#8243; _builder_version=&#8220;4.20.0&#8243; _module_preset=&#8220;default&#8220; global_colors_info=&#8220;{}&#8220;][et_pb_text _builder_version=&#8220;4.22.2&#8243; _module_preset=&#8220;4317a9c6-790d-49f9-a71a-6306cb76e380&#8243; text_orientation=&#8220;center&#8220; global_colors_info=&#8220;{}&#8220;]<\/p>\n<h2>PDF BRO\u0160URA<\/h2>\n<p>[\/et_pb_text][et_pb_button button_url=&#8220;https:\/\/mediplant.rs\/wp-content\/uploads\/2024\/01\/Mediplant-katalog-proizvoda.pdf&#8220; url_new_window=&#8220;on&#8220; button_text=&#8220;Preuzmi&#8220; button_alignment=&#8220;center&#8220; _builder_version=&#8220;4.23.4&#8243; _module_preset=&#8220;f7356be5-3773-4f40-bf54-6be70a4c303a&#8220; button_bg_color=&#8220;rgba(237,237,237,0)&#8220; button_border_width=&#8220;1px&#8220; button_font=&#8220;Aboreto|700||on|||||&#8220; global_colors_info=&#8220;{}&#8220;][\/et_pb_button][\/et_pb_column][\/et_pb_row][\/et_pb_section]<\/p>\n","protected":false},"excerpt":{"rendered":"<p>Medicinska maska sa velikim pokrivanjem pru\u017ea \u0161iru za\u0161titu i bolje pristaje.\u00a0Dugotrajni i ja\u010di nosni mosti\u0107, zajedno sa jakim u\u0161nim petljama, osigurava sigurno prijanjanje i udobno no\u0161enje.\u00a0Maska ima efikasnost filtracije bakterija ve\u0107u od 95%PDF BRO\u0160URA<\/p>","protected":false},"author":1,"featured_media":0,"parent":255,"menu_order":0,"comment_status":"closed","ping_status":"closed","template":"","meta":{"_et_pb_use_builder":"on","_et_pb_old_content":"","_et_gb_content_width":"","footnotes":""},"class_list":["post-602","page","type-page","status-publish","hentry"],"_links":{"self":[{"href":"https:\/\/mediplant.rs\/en\/wp-json\/wp\/v2\/pages\/602","targetHints":{"allow":["GET"]}}],"collection":[{"href":"https:\/\/mediplant.rs\/en\/wp-json\/wp\/v2\/pages"}],"about":[{"href":"https:\/\/mediplant.rs\/en\/wp-json\/wp\/v2\/types\/page"}],"author":[{"embeddable":true,"href":"https:\/\/mediplant.rs\/en\/wp-json\/wp\/v2\/users\/1"}],"replies":[{"embeddable":true,"href":"https:\/\/mediplant.rs\/en\/wp-json\/wp\/v2\/comments?post=602"}],"version-history":[{"count":7,"href":"https:\/\/mediplant.rs\/en\/wp-json\/wp\/v2\/pages\/602\/revisions"}],"predecessor-version":[{"id":760,"href":"https:\/\/mediplant.rs\/en\/wp-json\/wp\/v2\/pages\/602\/revisions\/760"}],"up":[{"embeddable":true,"href":"https:\/\/mediplant.rs\/en\/wp-json\/wp\/v2\/pages\/255"}],"wp:attachment":[{"href":"https:\/\/mediplant.rs\/en\/wp-json\/wp\/v2\/media?parent=602"}],"curies":[{"name":"wp","href":"https:\/\/api.w.org\/{rel}","templated":true}]}}