{"id":686,"date":"2024-01-17T10:39:50","date_gmt":"2024-01-17T10:39:50","guid":{"rendered":"https:\/\/mediplant.rs\/?page_id=686"},"modified":"2024-01-17T14:12:06","modified_gmt":"2024-01-17T14:12:06","slug":"elektrohirurska-olovka","status":"publish","type":"page","link":"https:\/\/mediplant.rs\/en\/proizvodi\/elektrohirurska-olovka\/","title":{"rendered":"ELECTROSURGICAL PENCIL"},"content":{"rendered":"<p>[et_pb_section fb_built=&#8220;1&#8243; fullwidth=&#8220;on&#8220; _builder_version=&#8220;4.23.4&#8243; _module_preset=&#8220;default&#8220; background_image=&#8220;https:\/\/mediplant.rs\/wp-content\/uploads\/2024\/01\/Slajder-mini-Elektrohirurska-olovka.png&#8220; min_height=&#8220;450px&#8220; min_height_tablet=&#8220;400px&#8220; min_height_phone=&#8220;200px&#8220; min_height_last_edited=&#8220;on|phone&#8220; height=&#8220;200px&#8220; max_height=&#8220;450px&#8220; global_colors_info=&#8220;{}&#8220;][\/et_pb_section][et_pb_section fb_built=&#8220;1&#8243; admin_label=&#8220;Features&#8220; _builder_version=&#8220;4.20.0&#8243; _module_preset=&#8220;default&#8220; collapsed=&#8220;on&#8220; global_colors_info=&#8220;{}&#8220;][et_pb_row _builder_version=&#8220;4.22.2&#8243; _module_preset=&#8220;default&#8220; global_colors_info=&#8220;{}&#8220;][et_pb_column type=&#8220;4_4&#8243; _builder_version=&#8220;4.22.2&#8243; _module_preset=&#8220;default&#8220; global_colors_info=&#8220;{}&#8220;][et_pb_heading title=&#8220;ELEKTROHIRUR\u0160KA OLOVKA&#8220; _builder_version=&#8220;4.23.4&#8243; _module_preset=&#8220;default&#8220; title_font_size=&#8220;65px&#8220; hover_enabled=&#8220;0&#8243; title_font_size_tablet=&#8220;60px&#8220; title_font_size_phone=&#8220;30px&#8220; global_colors_info=&#8220;{}&#8220; sticky_enabled=&#8220;0&#8243; title_letter_spacing=&#8220;3px&#8220;][\/et_pb_heading][\/et_pb_column][\/et_pb_row][et_pb_row column_structure=&#8220;1_2,1_2&#8243; _builder_version=&#8220;4.22.2&#8243; _module_preset=&#8220;default&#8220; global_colors_info=&#8220;{}&#8220;][et_pb_column type=&#8220;1_2&#8243; _builder_version=&#8220;4.20.0&#8243; _module_preset=&#8220;default&#8220; global_colors_info=&#8220;{}&#8220;][et_pb_image src=&#8220;https:\/\/mediplant.rs\/wp-content\/uploads\/2024\/01\/Elektrohirurska-olovka.png&#8220; title_text=&#8220;Elektrohirurska-olovka&#8220; _builder_version=&#8220;4.23.4&#8243; _module_preset=&#8220;default&#8220; background_color=&#8220;rgba(0,0,0,0.04)&#8220; custom_margin=&#8220;||||false|false&#8220; box_shadow_style=&#8220;preset4&#8243; box_shadow_horizontal=&#8220;0px&#8220; box_shadow_vertical=&#8220;0px&#8220; box_shadow_color=&#8220;rgba(0,0,0,0.05)&#8220; locked=&#8220;off&#8220; global_colors_info=&#8220;{}&#8220; custom_padding__hover_enabled=&#8220;off|hover&#8220; custom_padding__hover=&#8220;50px|50px|50px|50px|true|true&#8220; box_shadow_vertical__hover_enabled=&#8220;off|hover&#8220; box_shadow_blur__hover_enabled=&#8220;off|hover&#8220; box_shadow_blur__hover=&#8220;0px&#8220; box_shadow_color__hover_enabled=&#8220;off|hover&#8220; box_shadow_color__hover=&#8220;rgba(0,0,0,0.3)&#8220; custom_margin__hover_enabled=&#8220;off|hover&#8220; custom_margin__hover=&#8220;||62px||false|false&#8220; transform_styles__hover_enabled=&#8220;on|hover&#8220; transform_scale__hover_enabled=&#8220;on|hover&#8220; transform_translate__hover_enabled=&#8220;on|desktop&#8220; transform_rotate__hover_enabled=&#8220;on|desktop&#8220; transform_skew__hover_enabled=&#8220;on|desktop&#8220; transform_origin__hover_enabled=&#8220;on|desktop&#8220; transform_scale__hover=&#8220;90%|90%&#8220; box_shadow_spread__hover_enabled=&#8220;on|hover&#8220; box_shadow_spread__hover=&#8220;30px&#8220;][\/et_pb_image][\/et_pb_column][et_pb_column type=&#8220;1_2&#8243; _builder_version=&#8220;4.22.2&#8243; _module_preset=&#8220;default&#8220; global_colors_info=&#8220;{}&#8220;][et_pb_text _builder_version=&#8220;4.23.4&#8243; _module_preset=&#8220;73e0d2c1-2c5c-45d5-b230-5a91dbc55bbb&#8220; text_font_size=&#8220;16px&#8220; locked=&#8220;off&#8220; global_colors_info=&#8220;{}&#8220;]<\/p>\n<p style=\"font-weight: 400;\">Elektrohirur\u0161ka olovka koja ima \u0161estougaoni prihvat koji spre\u010dava ne\u017eeljeno okretanje. Dizajnirana je tako da hirurzima omogu\u0107i najbolju mogu\u0107u preciznost i osetljivost tokom operacija.<\/p>\n<p>Olovka ima nelepljive vrhove i vrhove od ner\u0111aju\u0107eg \u010delika, \u0161to osigurava efikasno i ta\u010dno obavljanje posla. Olovka je tako\u0111e lagana i ergonomski oblikovana, \u0161to pru\u017ea udobnost i minimalizuje umor tokom kori\u0161\u0107enja.<\/p>\n<p>Vodootporna konstrukcija olovke smanjuje rizik od elektri\u010dnih udara i slu\u010dajnih aktivacija. Uklju\u010den je kabl du\u017eine 3 metra s trostrukim priklju\u010dkom, koji je fleksibilan za lak\u0161e rukovanje olovkom. Dodatno, olovka je sterilisana etilen oksidom (EO) radi maksimalne higijene i sigurnosti.<\/p>\n<p>[\/et_pb_text][\/et_pb_column][\/et_pb_row][\/et_pb_section][et_pb_section fb_built=&#8220;1&#8243; admin_label=&#8220;Call to Action&#8220; _builder_version=&#8220;4.22.2&#8243; _module_preset=&#8220;default&#8220; use_background_color_gradient=&#8220;on&#8220; background_color_gradient_stops=&#8220;rgba(255,255,255,0.5) 0%|rgba(255,255,255,0.5) 100%&#8220; background_color_gradient_overlays_image=&#8220;on&#8220; background_enable_image=&#8220;off&#8220; custom_margin=&#8220;0vw|8vw|4vw|8vw|false|true&#8220; custom_padding=&#8220;2vw||2vw||true|false&#8220; border_width_top=&#8220;1px&#8220; border_width_bottom=&#8220;1px&#8220; collapsed=&#8220;on&#8220; global_colors_info=&#8220;{}&#8220;][et_pb_row _builder_version=&#8220;4.22.2&#8243; _module_preset=&#8220;default&#8220; max_width=&#8220;800px&#8220; global_colors_info=&#8220;{}&#8220;][et_pb_column type=&#8220;4_4&#8243; _builder_version=&#8220;4.20.0&#8243; _module_preset=&#8220;default&#8220; global_colors_info=&#8220;{}&#8220;][et_pb_text _builder_version=&#8220;4.22.2&#8243; _module_preset=&#8220;4317a9c6-790d-49f9-a71a-6306cb76e380&#8243; text_orientation=&#8220;center&#8220; global_colors_info=&#8220;{}&#8220;]<\/p>\n<h2>PDF BRO\u0160URA<\/h2>\n<p>[\/et_pb_text][et_pb_button button_url=&#8220;https:\/\/mediplant.rs\/wp-content\/uploads\/2024\/01\/Mediplant-katalog-proizvoda.pdf&#8220; url_new_window=&#8220;on&#8220; button_text=&#8220;Preuzmi&#8220; button_alignment=&#8220;center&#8220; _builder_version=&#8220;4.23.4&#8243; _module_preset=&#8220;f7356be5-3773-4f40-bf54-6be70a4c303a&#8220; button_bg_color=&#8220;rgba(237,237,237,0)&#8220; button_border_width=&#8220;1px&#8220; button_font=&#8220;Aboreto|700||on|||||&#8220; global_colors_info=&#8220;{}&#8220;][\/et_pb_button][\/et_pb_column][\/et_pb_row][\/et_pb_section]<\/p>\n","protected":false},"excerpt":{"rendered":"<p>Elektrohirur\u0161ka olovka koja ima \u0161estougaoni prihvat koji spre\u010dava ne\u017eeljeno okretanje. Dizajnirana je tako da hirurzima omogu\u0107i najbolju mogu\u0107u preciznost i osetljivost tokom operacija. Olovka ima nelepljive vrhove i vrhove od ner\u0111aju\u0107eg \u010delika, \u0161to osigurava efikasno i ta\u010dno obavljanje posla. Olovka je tako\u0111e lagana i ergonomski oblikovana, \u0161to pru\u017ea udobnost i minimalizuje umor tokom kori\u0161\u0107enja. Vodootporna [&hellip;]<\/p>\n","protected":false},"author":1,"featured_media":0,"parent":255,"menu_order":0,"comment_status":"closed","ping_status":"closed","template":"","meta":{"_et_pb_use_builder":"on","_et_pb_old_content":"","_et_gb_content_width":"","footnotes":""},"class_list":["post-686","page","type-page","status-publish","hentry"],"_links":{"self":[{"href":"https:\/\/mediplant.rs\/en\/wp-json\/wp\/v2\/pages\/686","targetHints":{"allow":["GET"]}}],"collection":[{"href":"https:\/\/mediplant.rs\/en\/wp-json\/wp\/v2\/pages"}],"about":[{"href":"https:\/\/mediplant.rs\/en\/wp-json\/wp\/v2\/types\/page"}],"author":[{"embeddable":true,"href":"https:\/\/mediplant.rs\/en\/wp-json\/wp\/v2\/users\/1"}],"replies":[{"embeddable":true,"href":"https:\/\/mediplant.rs\/en\/wp-json\/wp\/v2\/comments?post=686"}],"version-history":[{"count":6,"href":"https:\/\/mediplant.rs\/en\/wp-json\/wp\/v2\/pages\/686\/revisions"}],"predecessor-version":[{"id":757,"href":"https:\/\/mediplant.rs\/en\/wp-json\/wp\/v2\/pages\/686\/revisions\/757"}],"up":[{"embeddable":true,"href":"https:\/\/mediplant.rs\/en\/wp-json\/wp\/v2\/pages\/255"}],"wp:attachment":[{"href":"https:\/\/mediplant.rs\/en\/wp-json\/wp\/v2\/media?parent=686"}],"curies":[{"name":"wp","href":"https:\/\/api.w.org\/{rel}","templated":true}]}}