{"id":688,"date":"2024-01-17T10:38:19","date_gmt":"2024-01-17T10:38:19","guid":{"rendered":"https:\/\/mediplant.rs\/?page_id=688"},"modified":"2024-01-17T11:10:14","modified_gmt":"2024-01-17T11:10:14","slug":"podloga-za-uzemljenje","status":"publish","type":"page","link":"https:\/\/mediplant.rs\/en\/proizvodi\/podloga-za-uzemljenje\/","title":{"rendered":"Grounding Pad"},"content":{"rendered":"<p>[et_pb_section fb_built=&#8220;1&#8243; fullwidth=&#8220;on&#8220; _builder_version=&#8220;4.23.4&#8243; _module_preset=&#8220;default&#8220; background_image=&#8220;https:\/\/mediplant.rs\/wp-content\/uploads\/2024\/01\/Slajder-mini-Podloga-za-uzemljenje.png&#8220; min_height=&#8220;450px&#8220; min_height_tablet=&#8220;400px&#8220; min_height_phone=&#8220;200px&#8220; min_height_last_edited=&#8220;on|phone&#8220; height=&#8220;200px&#8220; max_height=&#8220;450px&#8220; global_colors_info=&#8220;{}&#8220;][\/et_pb_section][et_pb_section fb_built=&#8220;1&#8243; admin_label=&#8220;Features&#8220; _builder_version=&#8220;4.20.0&#8243; _module_preset=&#8220;default&#8220; collapsed=&#8220;on&#8220; global_colors_info=&#8220;{}&#8220;][et_pb_row _builder_version=&#8220;4.22.2&#8243; _module_preset=&#8220;default&#8220; global_colors_info=&#8220;{}&#8220;][et_pb_column type=&#8220;4_4&#8243; _builder_version=&#8220;4.22.2&#8243; _module_preset=&#8220;default&#8220; global_colors_info=&#8220;{}&#8220;][et_pb_heading title=&#8220;PODLOGA ZA UZEMLJENJE&#8220; _builder_version=&#8220;4.23.4&#8243; _module_preset=&#8220;default&#8220; title_font_size=&#8220;65px&#8220; hover_enabled=&#8220;0&#8243; title_font_size_tablet=&#8220;60px&#8220; title_font_size_phone=&#8220;33px&#8220; global_colors_info=&#8220;{}&#8220; sticky_enabled=&#8220;0&#8243;][\/et_pb_heading][\/et_pb_column][\/et_pb_row][et_pb_row _builder_version=&#8220;4.23.4&#8243; _module_preset=&#8220;default&#8220; global_colors_info=&#8220;{}&#8220;][et_pb_column type=&#8220;4_4&#8243; _builder_version=&#8220;4.23.4&#8243; _module_preset=&#8220;default&#8220; global_colors_info=&#8220;{}&#8220;][et_pb_text content_tablet=&#8220;<\/p>\n<div style=%22text-align: center;%22>\n<p style=%22text-align: center;%22><span lang=%22EN-US%22>Podloga za uzemljenje dolazi u modelima jednopolarnih i bipolarnih varijanti kako bi se prilagodili razli\u010ditim hirur\u0161kim potrebama. Ova podloga ima izvanredna svojstva provodljivosti i lepljenja koja osiguravaju pouzdano povezivanje sa elektrohirurskim generatorom. Tako\u0111e je dizajnirana tako da bude mekana, netoksi\u010dna, ne izaziva nikakve reakcije na pacijentima.<\/span><\/p>\n<p style=%22text-align: center;%22>Podloga ima nisku otpornost koja poma\u017ee u spre\u010davanju bilo kakvih elektri\u010dnih prepreka koje bi mogle dovesti do \u0161tete za pacijenta. Osim toga, dizajnirana je tako da spre\u010di \u0161irenje infekcija, \u0161to smanjuje rizik od preno\u0161enja patogena izme\u0111u pacijenata. Sveukupno, ova podloga za uzemljenje je sigurno i efikasno re\u0161enje za osiguravanje bezbednosti pacijenata tokom hirur\u0161kih zahvata.<\/p>\n<\/div>\n<div style=%22text-align: center;%22><\/div>\n<p>&#8220; content_phone=&#8220;<\/p>\n<div style=%22text-align: center;%22>\n<p style=%22text-align: left;%22><span lang=%22EN-US%22>Podloga za uzemljenje dolazi u modelima jednopolarnih i bipolarnih varijanti kako bi se prilagodili razli\u010ditim hirur\u0161kim potrebama. Ova podloga ima izvanredna svojstva provodljivosti i lepljenja koja osiguravaju pouzdano povezivanje sa elektrohirurskim generatorom. Tako\u0111e je dizajnirana tako da bude mekana, netoksi\u010dna, ne izaziva nikakve reakcije na pacijentima.<\/span><\/p>\n<p style=%22text-align: left;%22>Podloga ima nisku otpornost koja poma\u017ee u spre\u010davanju bilo kakvih elektri\u010dnih prepreka koje bi mogle dovesti do \u0161tete za pacijenta. Osim toga, dizajnirana je tako da spre\u010di \u0161irenje infekcija, \u0161to smanjuje rizik od preno\u0161enja patogena izme\u0111u pacijenata. Sveukupno, ova podloga za uzemljenje je sigurno i efikasno re\u0161enje za osiguravanje bezbednosti pacijenata tokom hirur\u0161kih zahvata.<\/p>\n<\/div>\n<div style=%22text-align: left;%22><\/div>\n<p>&#8220; content_last_edited=&#8220;on|phone&#8220; _builder_version=&#8220;4.23.4&#8243; _module_preset=&#8220;default&#8220; global_colors_info=&#8220;{}&#8220;]<\/p>\n<div style=\"text-align: center;\">\n<p style=\"text-align: center;\"><span lang=\"EN-US\">Podloga za uzemljenje dolazi u modelima jednopolarnih i bipolarnih varijanti kako bi se prilagodili razli\u010ditim hirur\u0161kim potrebama.\u00a0Ova podloga ima izvanredna svojstva provodljivosti i lepljenja koja osiguravaju pouzdano povezivanje sa elektrohirurskim generatorom. Tako\u0111e je dizajnirana tako da bude mekana, netoksi\u010dna, ne izaziva nikakve reakcije na pacijentima.<\/span><\/p>\n<p style=\"text-align: center;\">Podloga ima nisku otpornost koja poma\u017ee u spre\u010davanju bilo kakvih elektri\u010dnih prepreka koje bi mogle dovesti do \u0161tete za pacijenta. Osim toga, dizajnirana je tako da spre\u010di \u0161irenje infekcija, \u0161to smanjuje rizik od preno\u0161enja patogena izme\u0111u pacijenata. Sveukupno, ova podloga za uzemljenje je sigurno i efikasno re\u0161enje za osiguravanje bezbednosti pacijenata tokom hirur\u0161kih zahvata.<\/p>\n<\/div>\n<div style=\"text-align: center;\"><\/div>\n<p>[\/et_pb_text][\/et_pb_column][\/et_pb_row][et_pb_row _builder_version=&#8220;4.23.4&#8243; _module_preset=&#8220;default&#8220; global_colors_info=&#8220;{}&#8220;][et_pb_column type=&#8220;4_4&#8243; _builder_version=&#8220;4.23.4&#8243; _module_preset=&#8220;default&#8220; global_colors_info=&#8220;{}&#8220;][et_pb_image src=&#8220;https:\/\/mediplant.rs\/wp-content\/uploads\/2024\/01\/Podloge.png&#8220; title_text=&#8220;Podloge&#8220; _builder_version=&#8220;4.23.4&#8243; _module_preset=&#8220;default&#8220; global_colors_info=&#8220;{}&#8220;][\/et_pb_image][\/et_pb_column][\/et_pb_row][\/et_pb_section][et_pb_section fb_built=&#8220;1&#8243; admin_label=&#8220;Call to Action&#8220; _builder_version=&#8220;4.22.2&#8243; _module_preset=&#8220;default&#8220; use_background_color_gradient=&#8220;on&#8220; background_color_gradient_stops=&#8220;rgba(255,255,255,0.5) 0%|rgba(255,255,255,0.5) 100%&#8220; background_color_gradient_overlays_image=&#8220;on&#8220; background_enable_image=&#8220;off&#8220; custom_margin=&#8220;0vw|8vw|4vw|8vw|false|true&#8220; custom_padding=&#8220;2vw||2vw||true|false&#8220; border_width_top=&#8220;1px&#8220; border_width_bottom=&#8220;1px&#8220; collapsed=&#8220;on&#8220; global_colors_info=&#8220;{}&#8220;][et_pb_row _builder_version=&#8220;4.22.2&#8243; _module_preset=&#8220;default&#8220; max_width=&#8220;800px&#8220; global_colors_info=&#8220;{}&#8220;][et_pb_column type=&#8220;4_4&#8243; _builder_version=&#8220;4.20.0&#8243; _module_preset=&#8220;default&#8220; global_colors_info=&#8220;{}&#8220;][et_pb_text _builder_version=&#8220;4.22.2&#8243; _module_preset=&#8220;4317a9c6-790d-49f9-a71a-6306cb76e380&#8243; text_orientation=&#8220;center&#8220; global_colors_info=&#8220;{}&#8220;]<\/p>\n<h2>PDF BRO\u0160URA<\/h2>\n<p>[\/et_pb_text][et_pb_button button_url=&#8220;https:\/\/mediplant.rs\/wp-content\/uploads\/2024\/01\/Mediplant-katalog-proizvoda.pdf&#8220; url_new_window=&#8220;on&#8220; button_text=&#8220;Preuzmi&#8220; button_alignment=&#8220;center&#8220; _builder_version=&#8220;4.23.4&#8243; _module_preset=&#8220;f7356be5-3773-4f40-bf54-6be70a4c303a&#8220; button_bg_color=&#8220;rgba(237,237,237,0)&#8220; button_border_width=&#8220;1px&#8220; button_font=&#8220;Aboreto|700||on|||||&#8220; global_colors_info=&#8220;{}&#8220;][\/et_pb_button][\/et_pb_column][\/et_pb_row][\/et_pb_section]<\/p>\n","protected":false},"excerpt":{"rendered":"<p>Podloga za uzemljenje dolazi u modelima jednopolarnih i bipolarnih varijanti kako bi se prilagodili razli\u010ditim hirur\u0161kim potrebama.\u00a0Ova podloga ima izvanredna svojstva provodljivosti i lepljenja koja osiguravaju pouzdano povezivanje sa elektrohirurskim generatorom. Tako\u0111e je dizajnirana tako da bude mekana, netoksi\u010dna, ne izaziva nikakve reakcije na pacijentima. Podloga ima nisku otpornost koja poma\u017ee u spre\u010davanju bilo kakvih [&hellip;]<\/p>\n","protected":false},"author":1,"featured_media":0,"parent":255,"menu_order":0,"comment_status":"closed","ping_status":"closed","template":"","meta":{"_et_pb_use_builder":"on","_et_pb_old_content":"","_et_gb_content_width":"","footnotes":""},"class_list":["post-688","page","type-page","status-publish","hentry"],"_links":{"self":[{"href":"https:\/\/mediplant.rs\/en\/wp-json\/wp\/v2\/pages\/688","targetHints":{"allow":["GET"]}}],"collection":[{"href":"https:\/\/mediplant.rs\/en\/wp-json\/wp\/v2\/pages"}],"about":[{"href":"https:\/\/mediplant.rs\/en\/wp-json\/wp\/v2\/types\/page"}],"author":[{"embeddable":true,"href":"https:\/\/mediplant.rs\/en\/wp-json\/wp\/v2\/users\/1"}],"replies":[{"embeddable":true,"href":"https:\/\/mediplant.rs\/en\/wp-json\/wp\/v2\/comments?post=688"}],"version-history":[{"count":4,"href":"https:\/\/mediplant.rs\/en\/wp-json\/wp\/v2\/pages\/688\/revisions"}],"predecessor-version":[{"id":715,"href":"https:\/\/mediplant.rs\/en\/wp-json\/wp\/v2\/pages\/688\/revisions\/715"}],"up":[{"embeddable":true,"href":"https:\/\/mediplant.rs\/en\/wp-json\/wp\/v2\/pages\/255"}],"wp:attachment":[{"href":"https:\/\/mediplant.rs\/en\/wp-json\/wp\/v2\/media?parent=688"}],"curies":[{"name":"wp","href":"https:\/\/api.w.org\/{rel}","templated":true}]}}